{"id":700,"date":"2022-12-14T07:42:56","date_gmt":"2022-12-14T07:42:56","guid":{"rendered":"https:\/\/szyh-mold.com\/?post_type=product&#038;p=700"},"modified":"2026-03-20T09:30:10","modified_gmt":"2026-03-20T09:30:10","slug":"centrifuge-tube-mold-manufacturer","status":"publish","type":"product","link":"https:\/\/szyh-mold.com\/hu\/product\/centrifuge-tube-mold-manufacturer\/","title":{"rendered":"Centrifugacs\u0151 pen\u00e9szgy\u00e1rt\u00f3"},"excerpt":{"rendered":"<p>Centrifuge Tube Mold Manufacturer mould name: centrifuge tube mold manufacturer cavity number:1* 4 cycle time: 10S mould life: 5 million shots lead time: 65 days machine size: 130T Get a price now Description Whether you require assistance in resolving complex molding issues or need help analyzing the root causes of molding defects, please do not [&hellip;]<\/p>\n","protected":false},"author":4,"featured_media":3189,"template":"","product_cat":[15],"product_tag":[35],"class_list":["post-700","product","type-product","status-publish","has-post-thumbnail","hentry","product_cat-medical-packaging-mold","product_tag-tag-b"],"acf":[],"_links":{"self":[{"href":"https:\/\/szyh-mold.com\/hu\/wp-json\/wp\/v2\/product\/700","targetHints":{"allow":["GET"]}}],"collection":[{"href":"https:\/\/szyh-mold.com\/hu\/wp-json\/wp\/v2\/product"}],"about":[{"href":"https:\/\/szyh-mold.com\/hu\/wp-json\/wp\/v2\/types\/product"}],"author":[{"embeddable":true,"href":"https:\/\/szyh-mold.com\/hu\/wp-json\/wp\/v2\/users\/4"}],"version-history":[{"count":5,"href":"https:\/\/szyh-mold.com\/hu\/wp-json\/wp\/v2\/product\/700\/revisions"}],"predecessor-version":[{"id":3960,"href":"https:\/\/szyh-mold.com\/hu\/wp-json\/wp\/v2\/product\/700\/revisions\/3960"}],"wp:featuredmedia":[{"embeddable":true,"href":"https:\/\/szyh-mold.com\/hu\/wp-json\/wp\/v2\/media\/3189"}],"wp:attachment":[{"href":"https:\/\/szyh-mold.com\/hu\/wp-json\/wp\/v2\/media?parent=700"}],"wp:term":[{"taxonomy":"product_cat","embeddable":true,"href":"https:\/\/szyh-mold.com\/hu\/wp-json\/wp\/v2\/product_cat?post=700"},{"taxonomy":"product_tag","embeddable":true,"href":"https:\/\/szyh-mold.com\/hu\/wp-json\/wp\/v2\/product_tag?post=700"}],"curies":[{"name":"wp","href":"https:\/\/api.w.org\/{rel}","templated":true}]}}